{"id":570,"date":"2023-11-21T14:46:27","date_gmt":"2023-11-21T13:46:27","guid":{"rendered":"https:\/\/www.cinerge-esante.fr\/?page_id=570"},"modified":"2023-12-14T11:32:29","modified_gmt":"2023-12-14T10:32:29","slug":"mentions-legales","status":"publish","type":"page","link":"https:\/\/www.cinergesante.fr\/index.php\/mentions-legales\/","title":{"rendered":"Mentions l\u00e9gales"},"content":{"rendered":"\t\t<div data-elementor-type=\"wp-page\" data-elementor-id=\"570\" class=\"elementor elementor-570\">\n\t\t\t\t<div class=\"elementor-element elementor-element-3f5c656 e-flex e-con-boxed e-con e-parent\" data-id=\"3f5c656\" data-element_type=\"container\" data-e-type=\"container\">\n\t\t\t\t\t<div class=\"e-con-inner\">\n\t\t<div class=\"elementor-element elementor-element-764c5a3 e-con-full e-flex e-con e-child\" data-id=\"764c5a3\" data-element_type=\"container\" data-e-type=\"container\">\n\t\t\t\t<\/div>\n\t\t<div class=\"elementor-element elementor-element-eed8874 e-con-full e-flex e-con e-child\" data-id=\"eed8874\" data-element_type=\"container\" data-e-type=\"container\">\n\t\t\t\t<\/div>\n\t\t\t\t\t<\/div>\n\t\t\t\t<\/div>\n\t\t<div class=\"elementor-element elementor-element-bdffe84 e-flex e-con-boxed e-con e-parent\" data-id=\"bdffe84\" data-element_type=\"container\" data-e-type=\"container\">\n\t\t\t\t\t<div class=\"e-con-inner\">\n\t\t<div class=\"elementor-element elementor-element-5cadb01 e-con-full e-flex e-con e-child\" data-id=\"5cadb01\" data-element_type=\"container\" data-e-type=\"container\">\n\t\t\t\t<div class=\"elementor-element elementor-element-7cf3b74 elementor-widget elementor-widget-heading\" data-id=\"7cf3b74\" data-element_type=\"widget\" data-e-type=\"widget\" data-widget_type=\"heading.default\">\n\t\t\t\t<div class=\"elementor-widget-container\">\n\t\t\t\t\t<h2 class=\"elementor-heading-title elementor-size-default\">Mentions l\u00e9gales :<\/h2>\t\t\t\t<\/div>\n\t\t\t\t<\/div>\n\t\t\t\t<\/div>\n\t\t<div class=\"elementor-element elementor-element-1e14ebf e-con-full e-flex e-con e-child\" data-id=\"1e14ebf\" data-element_type=\"container\" data-e-type=\"container\">\n\t\t\t\t<\/div>\n\t\t\t\t\t<\/div>\n\t\t\t\t<\/div>\n\t\t<div class=\"elementor-element elementor-element-abfaf1b e-flex e-con-boxed e-con e-parent\" data-id=\"abfaf1b\" data-element_type=\"container\" data-e-type=\"container\">\n\t\t\t\t\t<div class=\"e-con-inner\">\n\t\t<div class=\"elementor-element elementor-element-6e9e5fd e-con-full e-flex e-con e-child\" data-id=\"6e9e5fd\" data-element_type=\"container\" data-e-type=\"container\">\n\t\t\t\t<div class=\"elementor-element elementor-element-c3c5de5 elementor-widget elementor-widget-heading\" data-id=\"c3c5de5\" data-element_type=\"widget\" data-e-type=\"widget\" data-widget_type=\"heading.default\">\n\t\t\t\t<div class=\"elementor-widget-container\">\n\t\t\t\t\t<h4 class=\"elementor-heading-title elementor-size-default\">Editeur, responsable de la publication<\/h4>\t\t\t\t<\/div>\n\t\t\t\t<\/div>\n\t\t\t\t<div class=\"elementor-element elementor-element-c8e1648 elementor-widget__width-initial elementor-widget elementor-widget-text-editor\" data-id=\"c8e1648\" data-element_type=\"widget\" data-e-type=\"widget\" data-widget_type=\"text-editor.default\">\n\t\t\t\t<div class=\"elementor-widget-container\">\n\t\t\t\t\t\t\t\t\t<p>Ce site web est le site officiel de CINERG&rsquo;e-sant\u00e9<\/p>\t\t\t\t\t\t\t\t<\/div>\n\t\t\t\t<\/div>\n\t\t<div class=\"elementor-element elementor-element-3f989bf e-con-full e-flex e-con e-child\" data-id=\"3f989bf\" data-element_type=\"container\" data-e-type=\"container\">\n\t\t\t\t<div class=\"elementor-element elementor-element-dc6484a elementor-widget elementor-widget-heading\" data-id=\"dc6484a\" data-element_type=\"widget\" data-e-type=\"widget\" data-widget_type=\"heading.default\">\n\t\t\t\t<div class=\"elementor-widget-container\">\n\t\t\t\t\t<h4 class=\"elementor-heading-title elementor-size-default\">Directeur de publication<\/h4>\t\t\t\t<\/div>\n\t\t\t\t<\/div>\n\t\t\t\t<div class=\"elementor-element elementor-element-5c0a64f elementor-widget__width-initial elementor-widget elementor-widget-text-editor\" data-id=\"5c0a64f\" data-element_type=\"widget\" data-e-type=\"widget\" data-widget_type=\"text-editor.default\">\n\t\t\t\t<div class=\"elementor-widget-container\">\n\t\t\t\t\t\t\t\t\t<p>Isabelle Klock-Fontanille , Pr\u00e9sident de l\u2019Universit\u00e9.<br \/>Contact :\u00a0<a class=\"mailto-link\" target=\"_blank\" rel=\"noopener noreferrer\" data-enc-email=\"cerfvqrapr[at]havyvz.se\" data-wpel-link=\"ignore\" data-title=\"presidence@unilim.fr\"><span id=\"eeb-918268-360863\">presidence@unilim.fr<\/span><\/a><\/p>\t\t\t\t\t\t\t\t<\/div>\n\t\t\t\t<\/div>\n\t\t\t\t<div class=\"elementor-element elementor-element-2e54a0f elementor-widget elementor-widget-heading\" data-id=\"2e54a0f\" data-element_type=\"widget\" data-e-type=\"widget\" data-widget_type=\"heading.default\">\n\t\t\t\t<div class=\"elementor-widget-container\">\n\t\t\t\t\t<h4 class=\"elementor-heading-title elementor-size-default\">Responsabilit\u00e9 \u00e9ditoriale<\/h4>\t\t\t\t<\/div>\n\t\t\t\t<\/div>\n\t\t\t\t<div class=\"elementor-element elementor-element-932bfa0 elementor-widget elementor-widget-text-editor\" data-id=\"932bfa0\" data-element_type=\"widget\" data-e-type=\"widget\" data-widget_type=\"text-editor.default\">\n\t\t\t\t<div class=\"elementor-widget-container\">\n\t\t\t\t\t\t\t\t\t<p>Sonia Chalifour<br \/>Contact :\u00a0<br \/>sonia.chalifour@unilim.fr<\/p>\t\t\t\t\t\t\t\t<\/div>\n\t\t\t\t<\/div>\n\t\t\t\t<div class=\"elementor-element elementor-element-b5bf157 elementor-widget elementor-widget-heading\" data-id=\"b5bf157\" data-element_type=\"widget\" data-e-type=\"widget\" data-widget_type=\"heading.default\">\n\t\t\t\t<div class=\"elementor-widget-container\">\n\t\t\t\t\t<h4 class=\"elementor-heading-title elementor-size-default\">R\u00e9alisation<\/h4>\t\t\t\t<\/div>\n\t\t\t\t<\/div>\n\t\t\t\t<div class=\"elementor-element elementor-element-57e8b0b elementor-widget__width-initial elementor-widget elementor-widget-text-editor\" data-id=\"57e8b0b\" data-element_type=\"widget\" data-e-type=\"widget\" data-widget_type=\"text-editor.default\">\n\t\t\t\t<div class=\"elementor-widget-container\">\n\t\t\t\t\t\t\t\t\t<p>CINERG&rsquo;e-sant\u00e9<\/p>\t\t\t\t\t\t\t\t<\/div>\n\t\t\t\t<\/div>\n\t\t\t\t<div class=\"elementor-element elementor-element-11681ed elementor-widget elementor-widget-heading\" data-id=\"11681ed\" data-element_type=\"widget\" data-e-type=\"widget\" data-widget_type=\"heading.default\">\n\t\t\t\t<div class=\"elementor-widget-container\">\n\t\t\t\t\t<h4 class=\"elementor-heading-title elementor-size-default\">Cr\u00e9dits photographiques<\/h4>\t\t\t\t<\/div>\n\t\t\t\t<\/div>\n\t\t\t\t<div class=\"elementor-element elementor-element-e3ff3e7 elementor-widget__width-initial elementor-widget elementor-widget-text-editor\" data-id=\"e3ff3e7\" data-element_type=\"widget\" data-e-type=\"widget\" data-widget_type=\"text-editor.default\">\n\t\t\t\t<div class=\"elementor-widget-container\">\n\t\t\t\t\t\t\t\t\t<p>CINERG&rsquo;e-sant\u00e9<\/p>\t\t\t\t\t\t\t\t<\/div>\n\t\t\t\t<\/div>\n\t\t\t\t<div class=\"elementor-element elementor-element-d187b28 elementor-widget elementor-widget-heading\" data-id=\"d187b28\" data-element_type=\"widget\" data-e-type=\"widget\" data-widget_type=\"heading.default\">\n\t\t\t\t<div class=\"elementor-widget-container\">\n\t\t\t\t\t<h4 class=\"elementor-heading-title elementor-size-default\">H\u00e9bergeur<\/h4>\t\t\t\t<\/div>\n\t\t\t\t<\/div>\n\t\t\t\t<div class=\"elementor-element elementor-element-c3fb365 elementor-widget__width-initial elementor-widget elementor-widget-text-editor\" data-id=\"c3fb365\" data-element_type=\"widget\" data-e-type=\"widget\" data-widget_type=\"text-editor.default\">\n\t\t\t\t<div class=\"elementor-widget-container\">\n\t\t\t\t\t\t\t\t\t<p><strong>Direction du Syst\u00e8me d\u2019Information de l\u2019Universit\u00e9 de Limoges<\/strong><br \/>123 Av. Albert Thomas<br \/>87060 Limoges Cedex<br \/><abbr title=\"T\u00e9l\u00e9phone\">T\u00e9l :<\/abbr>\u00a005 87 08 08 00<br \/><abbr title=\"T\u00e9l\u00e9copie\">Fax :<\/abbr>\u00a005 55 45 75 95<br \/><strong>Courriel: <\/strong><a class=\"mailto-link\" target=\"_blank\" rel=\"noopener noreferrer\" data-enc-email=\"jroznfgre[at]havyvz.se\" data-wpel-link=\"ignore\"><span id=\"eeb-52136-606951\">webmaster@unilim.fr<\/span><\/a><\/p>\t\t\t\t\t\t\t\t<\/div>\n\t\t\t\t<\/div>\n\t\t\t\t<div class=\"elementor-element elementor-element-ccf8af1 elementor-widget elementor-widget-heading\" data-id=\"ccf8af1\" data-element_type=\"widget\" data-e-type=\"widget\" data-widget_type=\"heading.default\">\n\t\t\t\t<div class=\"elementor-widget-container\">\n\t\t\t\t\t<h4 class=\"elementor-heading-title elementor-size-default\">Acc\u00e8s au site<\/h4>\t\t\t\t<\/div>\n\t\t\t\t<\/div>\n\t\t\t\t<div class=\"elementor-element elementor-element-399d7e9 elementor-widget__width-initial elementor-widget elementor-widget-text-editor\" data-id=\"399d7e9\" data-element_type=\"widget\" data-e-type=\"widget\" data-widget_type=\"text-editor.default\">\n\t\t\t\t<div class=\"elementor-widget-container\">\n\t\t\t\t\t\t\t\t\t<p>L\u2019utilisateur du site internet : www.cinergesante.fr&nbsp;reconna\u00eet disposer de la comp\u00e9tence et des moyens n\u00e9cessaires pour acc\u00e9der et utiliser ce site internet.<\/p>\t\t\t\t\t\t\t\t<\/div>\n\t\t\t\t<\/div>\n\t\t\t\t<div class=\"elementor-element elementor-element-b45ecbb elementor-widget elementor-widget-heading\" data-id=\"b45ecbb\" data-element_type=\"widget\" data-e-type=\"widget\" data-widget_type=\"heading.default\">\n\t\t\t\t<div class=\"elementor-widget-container\">\n\t\t\t\t\t<h4 class=\"elementor-heading-title elementor-size-default\">Droit d\u2019auteur \u2013 Copyright<\/h4>\t\t\t\t<\/div>\n\t\t\t\t<\/div>\n\t\t\t\t<div class=\"elementor-element elementor-element-f7ede43 elementor-widget__width-initial elementor-widget elementor-widget-text-editor\" data-id=\"f7ede43\" data-element_type=\"widget\" data-e-type=\"widget\" data-widget_type=\"text-editor.default\">\n\t\t\t\t<div class=\"elementor-widget-container\">\n\t\t\t\t\t\t\t\t\t<p>L\u2019ensemble de ce site rel\u00e8ve de la l\u00e9gislation fran\u00e7aise et internationale sur le droit d\u2019auteur et la propri\u00e9t\u00e9 intellectuelle. Tous les droits de reproduction sont r\u00e9serv\u00e9s, y compris pour les documents t\u00e9l\u00e9chargeables et les repr\u00e9sentations iconographiques et photographiques. La reproduction de tout ou partie de ce site sur un support \u00e9lectronique quel qu\u2019il soit est formellement interdite sauf autorisation expresse du Pr\u00e9sident de l\u2019universit\u00e9 qui est \u00e9galement directeur de publication. Vous pouvez \u00e9crire au Service Communication qui se chargera de transmettre votre demande et vous fera part de la r\u00e9ponse du directeur de publication.<br \/>La reproduction des textes de ce site sur un support papier est autoris\u00e9e, tout particuli\u00e8rement dans le cadre p\u00e9dagogique, sous r\u00e9serve du respect des trois conditions suivantes :<\/p><ul><li>gratuit\u00e9 de la diffusion,<\/li><li>respect de l\u2019int\u00e9grit\u00e9 des documents reproduits : pas de modification ni alt\u00e9ration d\u2019aucune sorte,<\/li><li>citation claire et lisible de la source sous la forme suivante, par exemple : \u00ab\u00a0ce document provient du site internet : https:\/\/www.cinergesante.fr. Les droits de reproduction sont r\u00e9serv\u00e9s et strictement limit\u00e9s \u00bb. L\u2019adresse internet du site de CINERG&rsquo;e-sant\u00e9\u00a0 doit imp\u00e9rativement figurer dans la r\u00e9f\u00e9rence.<\/li><\/ul>\t\t\t\t\t\t\t\t<\/div>\n\t\t\t\t<\/div>\n\t\t\t\t<div class=\"elementor-element elementor-element-08f7545 elementor-widget elementor-widget-heading\" data-id=\"08f7545\" data-element_type=\"widget\" data-e-type=\"widget\" data-widget_type=\"heading.default\">\n\t\t\t\t<div class=\"elementor-widget-container\">\n\t\t\t\t\t<h4 class=\"elementor-heading-title elementor-size-default\">Publications \u2013 Actualit\u00e9s<\/h4>\t\t\t\t<\/div>\n\t\t\t\t<\/div>\n\t\t\t\t<div class=\"elementor-element elementor-element-cd58f34 elementor-widget__width-initial elementor-widget elementor-widget-text-editor\" data-id=\"cd58f34\" data-element_type=\"widget\" data-e-type=\"widget\" data-widget_type=\"text-editor.default\">\n\t\t\t\t<div class=\"elementor-widget-container\">\n\t\t\t\t\t\t\t\t\t<p>Les documents diffus\u00e9s en version \u00e9lectronique sur ce site peuvent avoir fait l\u2019objet de mises \u00e0 jour entre le moment o\u00f9 vous les avez t\u00e9l\u00e9charg\u00e9s et celui o\u00f9 vous en prenez connaissance. En cons\u00e9quence, nous vous recommandons d\u2019en v\u00e9rifier la validit\u00e9.<\/p>\t\t\t\t\t\t\t\t<\/div>\n\t\t\t\t<\/div>\n\t\t\t\t<div class=\"elementor-element elementor-element-e1c7c9e elementor-widget elementor-widget-heading\" data-id=\"e1c7c9e\" data-element_type=\"widget\" data-e-type=\"widget\" data-widget_type=\"heading.default\">\n\t\t\t\t<div class=\"elementor-widget-container\">\n\t\t\t\t\t<h4 class=\"elementor-heading-title elementor-size-default\">Mention obligatoire pour les cookies<\/h4>\t\t\t\t<\/div>\n\t\t\t\t<\/div>\n\t\t\t\t<div class=\"elementor-element elementor-element-50d28f6 elementor-widget__width-initial elementor-widget elementor-widget-text-editor\" data-id=\"50d28f6\" data-element_type=\"widget\" data-e-type=\"widget\" data-widget_type=\"text-editor.default\">\n\t\t\t\t<div class=\"elementor-widget-container\">\n\t\t\t\t\t\t\t\t\t<p>Mention l\u00e9gales \u2013 Information cookies<br \/>Lorsque vous naviguez sur ce site internet des informations appel\u00e9es cookies sont enregistr\u00e9es ou lues sur votre \u00e9quipement. Il s\u2019agit de cookies internes, n\u00e9cessaires au site pour fonctionner et qui vous vous permettent d\u2019utiliser les principales fonctionnalit\u00e9s du site en s\u00e9curisant et facilitant votre navigation. Ces cookies ne sont pas soumis \u00e0 consentement. Vous pouvez si vous le souhaitez les supprimer en utilisant les param\u00e8tres de votre navigateur, cependant votre exp\u00e9rience utilisateur risque d\u2019\u00eatre tr\u00e8s fortement d\u00e9grad\u00e9e. La marche \u00e0 suivre pour d\u00e9sactiver les cookies dans votre navigateur est indiqu\u00e9e sur le site de la CNIL (https:\/\/www.cnil.fr\/fr\/cookies-les-outils-pour-les-maitriser).<\/p>\t\t\t\t\t\t\t\t<\/div>\n\t\t\t\t<\/div>\n\t\t\t\t<div class=\"elementor-element elementor-element-2dee366 elementor-widget elementor-widget-heading\" data-id=\"2dee366\" data-element_type=\"widget\" data-e-type=\"widget\" data-widget_type=\"heading.default\">\n\t\t\t\t<div class=\"elementor-widget-container\">\n\t\t\t\t\t<h4 class=\"elementor-heading-title elementor-size-default\">Contenu du site<\/h4>\t\t\t\t<\/div>\n\t\t\t\t<\/div>\n\t\t\t\t<div class=\"elementor-element elementor-element-9d24505 elementor-widget__width-initial elementor-widget elementor-widget-text-editor\" data-id=\"9d24505\" data-element_type=\"widget\" data-e-type=\"widget\" data-widget_type=\"text-editor.default\">\n\t\t\t\t<div class=\"elementor-widget-container\">\n\t\t\t\t\t\t\t\t\t<p>Cinerg&rsquo;e-sant\u00e9 met \u00e0 disposition des utilisateurs du site web www.cinergesante.fr\u00a0des informations et outils disponibles et v\u00e9rifi\u00e9s, mais il ne saurait \u00eatre tenu pour responsable des erreurs ou de l\u2019indisponibilit\u00e9 de certaines informations.<br \/>Nous remercions les utilisateurs du site de nous faire part d\u2019\u00e9ventuelles omissions, erreurs ou corrections \u00e0 apporter, en adressant un courriel au webmestre du site \u00e0 l\u2019adresse chloe.berthon@unilim.fr.<\/p>\t\t\t\t\t\t\t\t<\/div>\n\t\t\t\t<\/div>\n\t\t\t\t<\/div>\n\t\t\t\t<\/div>\n\t\t\t\t\t<\/div>\n\t\t\t\t<\/div>\n\t\t\t\t<\/div>\n\t\t","protected":false},"excerpt":{"rendered":"<p>Mentions l\u00e9gales : Editeur, responsable de la publication Ce site web est le site officiel de CINERG&rsquo;e-sant\u00e9 Directeur de publication Isabelle Klock-Fontanille , Pr\u00e9sident de l\u2019Universit\u00e9.Contact :\u00a0presidence@unilim.fr Responsabilit\u00e9 \u00e9ditoriale Sonia ChalifourContact :\u00a0sonia.chalifour@unilim.fr R\u00e9alisation CINERG&rsquo;e-sant\u00e9 Cr\u00e9dits photographiques CINERG&rsquo;e-sant\u00e9 H\u00e9bergeur Direction du Syst\u00e8me d\u2019Information de l\u2019Universit\u00e9 de Limoges123 Av. Albert Thomas87060 Limoges CedexT\u00e9l :\u00a005 87 08 08 &hellip;<\/p>\n<p class=\"read-more\"> <a class=\"\" href=\"https:\/\/www.cinergesante.fr\/index.php\/mentions-legales\/\"> <span class=\"screen-reader-text\">Mentions l\u00e9gales<\/span> Lire la suite\u00a0\u00bb<\/a><\/p>\n","protected":false},"author":2,"featured_media":0,"parent":0,"menu_order":0,"comment_status":"closed","ping_status":"closed","template":"","meta":{"_uag_custom_page_level_css":"","site-sidebar-layout":"no-sidebar","site-content-layout":"","ast-site-content-layout":"full-width-container","site-content-style":"default","site-sidebar-style":"default","ast-global-header-display":"","ast-banner-title-visibility":"","ast-main-header-display":"","ast-hfb-above-header-display":"","ast-hfb-below-header-display":"","ast-hfb-mobile-header-display":"","site-post-title":"disabled","ast-breadcrumbs-content":"","ast-featured-img":"disabled","footer-sml-layout":"","theme-transparent-header-meta":"","adv-header-id-meta":"","stick-header-meta":"","header-above-stick-meta":"","header-main-stick-meta":"","header-below-stick-meta":"","astra-migrate-meta-layouts":"","footnotes":""},"class_list":["post-570","page","type-page","status-publish","hentry"],"yoast_head":"<!-- This site is optimized with the Yoast SEO plugin v21.5 - https:\/\/yoast.com\/wordpress\/plugins\/seo\/ -->\n<title>Mentions l\u00e9gales - CINERG&#039;e-sant\u00e9<\/title>\n<meta name=\"robots\" content=\"index, follow, max-snippet:-1, max-image-preview:large, max-video-preview:-1\" \/>\n<link rel=\"canonical\" href=\"https:\/\/www.cinergesante.fr\/index.php\/mentions-legales\/\" \/>\n<meta property=\"og:locale\" content=\"fr_FR\" \/>\n<meta property=\"og:type\" content=\"article\" \/>\n<meta property=\"og:title\" content=\"Mentions l\u00e9gales - CINERG&#039;e-sant\u00e9\" \/>\n<meta property=\"og:description\" content=\"Mentions l\u00e9gales : Editeur, responsable de la publication Ce site web est le site officiel de CINERG&rsquo;e-sant\u00e9 Directeur de publication Isabelle Klock-Fontanille , Pr\u00e9sident de l\u2019Universit\u00e9.Contact :\u00a0presidence@unilim.fr Responsabilit\u00e9 \u00e9ditoriale Sonia ChalifourContact :\u00a0sonia.chalifour@unilim.fr R\u00e9alisation CINERG&rsquo;e-sant\u00e9 Cr\u00e9dits photographiques CINERG&rsquo;e-sant\u00e9 H\u00e9bergeur Direction du Syst\u00e8me d\u2019Information de l\u2019Universit\u00e9 de Limoges123 Av. Albert Thomas87060 Limoges CedexT\u00e9l :\u00a005 87 08 08 &hellip; Mentions l\u00e9gales Lire la suite\u00a0\u00bb\" \/>\n<meta property=\"og:url\" content=\"https:\/\/www.cinergesante.fr\/index.php\/mentions-legales\/\" \/>\n<meta property=\"og:site_name\" content=\"CINERG&#039;e-sant\u00e9\" \/>\n<meta property=\"article:modified_time\" content=\"2023-12-14T10:32:29+00:00\" \/>\n<meta name=\"twitter:card\" content=\"summary_large_image\" \/>\n<meta name=\"twitter:label1\" content=\"Dur\u00e9e de lecture estim\u00e9e\" \/>\n\t<meta name=\"twitter:data1\" content=\"3 minutes\" \/>\n<script type=\"application\/ld+json\" class=\"yoast-schema-graph\">{\"@context\":\"https:\/\/schema.org\",\"@graph\":[{\"@type\":\"WebPage\",\"@id\":\"https:\/\/www.cinergesante.fr\/index.php\/mentions-legales\/\",\"url\":\"https:\/\/www.cinergesante.fr\/index.php\/mentions-legales\/\",\"name\":\"Mentions l\u00e9gales - CINERG&#039;e-sant\u00e9\",\"isPartOf\":{\"@id\":\"https:\/\/www.cinergesante.fr\/#website\"},\"datePublished\":\"2023-11-21T13:46:27+00:00\",\"dateModified\":\"2023-12-14T10:32:29+00:00\",\"breadcrumb\":{\"@id\":\"https:\/\/www.cinergesante.fr\/index.php\/mentions-legales\/#breadcrumb\"},\"inLanguage\":\"fr-FR\",\"potentialAction\":[{\"@type\":\"ReadAction\",\"target\":[\"https:\/\/www.cinergesante.fr\/index.php\/mentions-legales\/\"]}]},{\"@type\":\"BreadcrumbList\",\"@id\":\"https:\/\/www.cinergesante.fr\/index.php\/mentions-legales\/#breadcrumb\",\"itemListElement\":[{\"@type\":\"ListItem\",\"position\":1,\"name\":\"Accueil\",\"item\":\"https:\/\/www.cinergesante.fr\/\"},{\"@type\":\"ListItem\",\"position\":2,\"name\":\"Mentions l\u00e9gales\"}]},{\"@type\":\"WebSite\",\"@id\":\"https:\/\/www.cinergesante.fr\/#website\",\"url\":\"https:\/\/www.cinergesante.fr\/\",\"name\":\"CINERG&#039;e-sant\u00e9\",\"description\":\"\",\"publisher\":{\"@id\":\"https:\/\/www.cinergesante.fr\/#organization\"},\"potentialAction\":[{\"@type\":\"SearchAction\",\"target\":{\"@type\":\"EntryPoint\",\"urlTemplate\":\"https:\/\/www.cinergesante.fr\/?s={search_term_string}\"},\"query-input\":\"required name=search_term_string\"}],\"inLanguage\":\"fr-FR\"},{\"@type\":\"Organization\",\"@id\":\"https:\/\/www.cinergesante.fr\/#organization\",\"name\":\"CINERG&#039;e-sant\u00e9\",\"url\":\"https:\/\/www.cinergesante.fr\/\",\"logo\":{\"@type\":\"ImageObject\",\"inLanguage\":\"fr-FR\",\"@id\":\"https:\/\/www.cinergesante.fr\/#\/schema\/logo\/image\/\",\"url\":\"https:\/\/www.cinergesante.fr\/wp-content\/uploads\/2023\/11\/cropped-Logo-CINERG-e-sante.png\",\"contentUrl\":\"https:\/\/www.cinergesante.fr\/wp-content\/uploads\/2023\/11\/cropped-Logo-CINERG-e-sante.png\",\"width\":889,\"height\":328,\"caption\":\"CINERG&#039;e-sant\u00e9\"},\"image\":{\"@id\":\"https:\/\/www.cinergesante.fr\/#\/schema\/logo\/image\/\"}}]}<\/script>\n<!-- \/ Yoast SEO plugin. -->","yoast_head_json":{"title":"Mentions l\u00e9gales - CINERG&#039;e-sant\u00e9","robots":{"index":"index","follow":"follow","max-snippet":"max-snippet:-1","max-image-preview":"max-image-preview:large","max-video-preview":"max-video-preview:-1"},"canonical":"https:\/\/www.cinergesante.fr\/index.php\/mentions-legales\/","og_locale":"fr_FR","og_type":"article","og_title":"Mentions l\u00e9gales - CINERG&#039;e-sant\u00e9","og_description":"Mentions l\u00e9gales : Editeur, responsable de la publication Ce site web est le site officiel de CINERG&rsquo;e-sant\u00e9 Directeur de publication Isabelle Klock-Fontanille , Pr\u00e9sident de l\u2019Universit\u00e9.Contact :\u00a0presidence@unilim.fr Responsabilit\u00e9 \u00e9ditoriale Sonia ChalifourContact :\u00a0sonia.chalifour@unilim.fr R\u00e9alisation CINERG&rsquo;e-sant\u00e9 Cr\u00e9dits photographiques CINERG&rsquo;e-sant\u00e9 H\u00e9bergeur Direction du Syst\u00e8me d\u2019Information de l\u2019Universit\u00e9 de Limoges123 Av. Albert Thomas87060 Limoges CedexT\u00e9l :\u00a005 87 08 08 &hellip; Mentions l\u00e9gales Lire la suite\u00a0\u00bb","og_url":"https:\/\/www.cinergesante.fr\/index.php\/mentions-legales\/","og_site_name":"CINERG&#039;e-sant\u00e9","article_modified_time":"2023-12-14T10:32:29+00:00","twitter_card":"summary_large_image","twitter_misc":{"Dur\u00e9e de lecture estim\u00e9e":"3 minutes"},"schema":{"@context":"https:\/\/schema.org","@graph":[{"@type":"WebPage","@id":"https:\/\/www.cinergesante.fr\/index.php\/mentions-legales\/","url":"https:\/\/www.cinergesante.fr\/index.php\/mentions-legales\/","name":"Mentions l\u00e9gales - CINERG&#039;e-sant\u00e9","isPartOf":{"@id":"https:\/\/www.cinergesante.fr\/#website"},"datePublished":"2023-11-21T13:46:27+00:00","dateModified":"2023-12-14T10:32:29+00:00","breadcrumb":{"@id":"https:\/\/www.cinergesante.fr\/index.php\/mentions-legales\/#breadcrumb"},"inLanguage":"fr-FR","potentialAction":[{"@type":"ReadAction","target":["https:\/\/www.cinergesante.fr\/index.php\/mentions-legales\/"]}]},{"@type":"BreadcrumbList","@id":"https:\/\/www.cinergesante.fr\/index.php\/mentions-legales\/#breadcrumb","itemListElement":[{"@type":"ListItem","position":1,"name":"Accueil","item":"https:\/\/www.cinergesante.fr\/"},{"@type":"ListItem","position":2,"name":"Mentions l\u00e9gales"}]},{"@type":"WebSite","@id":"https:\/\/www.cinergesante.fr\/#website","url":"https:\/\/www.cinergesante.fr\/","name":"CINERG&#039;e-sant\u00e9","description":"","publisher":{"@id":"https:\/\/www.cinergesante.fr\/#organization"},"potentialAction":[{"@type":"SearchAction","target":{"@type":"EntryPoint","urlTemplate":"https:\/\/www.cinergesante.fr\/?s={search_term_string}"},"query-input":"required name=search_term_string"}],"inLanguage":"fr-FR"},{"@type":"Organization","@id":"https:\/\/www.cinergesante.fr\/#organization","name":"CINERG&#039;e-sant\u00e9","url":"https:\/\/www.cinergesante.fr\/","logo":{"@type":"ImageObject","inLanguage":"fr-FR","@id":"https:\/\/www.cinergesante.fr\/#\/schema\/logo\/image\/","url":"https:\/\/www.cinergesante.fr\/wp-content\/uploads\/2023\/11\/cropped-Logo-CINERG-e-sante.png","contentUrl":"https:\/\/www.cinergesante.fr\/wp-content\/uploads\/2023\/11\/cropped-Logo-CINERG-e-sante.png","width":889,"height":328,"caption":"CINERG&#039;e-sant\u00e9"},"image":{"@id":"https:\/\/www.cinergesante.fr\/#\/schema\/logo\/image\/"}}]}},"jetpack_sharing_enabled":true,"uagb_featured_image_src":{"full":false,"thumbnail":false,"medium":false,"medium_large":false,"large":false,"1536x1536":false,"2048x2048":false,"course_single":false,"course_archive":false},"uagb_author_info":{"display_name":"Chlo\u00e9 Berthon","author_link":"https:\/\/www.cinergesante.fr\/index.php\/author\/berthp12\/"},"uagb_comment_info":0,"uagb_excerpt":"Mentions l\u00e9gales : Editeur, responsable de la publication Ce site web est le site officiel de CINERG&rsquo;e-sant\u00e9 Directeur de publication Isabelle Klock-Fontanille , Pr\u00e9sident de l\u2019Universit\u00e9.Contact :\u00a0presidence@unilim.fr Responsabilit\u00e9 \u00e9ditoriale Sonia ChalifourContact :\u00a0sonia.chalifour@unilim.fr R\u00e9alisation CINERG&rsquo;e-sant\u00e9 Cr\u00e9dits photographiques CINERG&rsquo;e-sant\u00e9 H\u00e9bergeur Direction du Syst\u00e8me d\u2019Information de l\u2019Universit\u00e9 de Limoges123 Av. Albert Thomas87060 Limoges CedexT\u00e9l :\u00a005 87 08 08\u2026","_links":{"self":[{"href":"https:\/\/www.cinergesante.fr\/index.php\/wp-json\/wp\/v2\/pages\/570","targetHints":{"allow":["GET"]}}],"collection":[{"href":"https:\/\/www.cinergesante.fr\/index.php\/wp-json\/wp\/v2\/pages"}],"about":[{"href":"https:\/\/www.cinergesante.fr\/index.php\/wp-json\/wp\/v2\/types\/page"}],"author":[{"embeddable":true,"href":"https:\/\/www.cinergesante.fr\/index.php\/wp-json\/wp\/v2\/users\/2"}],"replies":[{"embeddable":true,"href":"https:\/\/www.cinergesante.fr\/index.php\/wp-json\/wp\/v2\/comments?post=570"}],"version-history":[{"count":50,"href":"https:\/\/www.cinergesante.fr\/index.php\/wp-json\/wp\/v2\/pages\/570\/revisions"}],"predecessor-version":[{"id":846,"href":"https:\/\/www.cinergesante.fr\/index.php\/wp-json\/wp\/v2\/pages\/570\/revisions\/846"}],"wp:attachment":[{"href":"https:\/\/www.cinergesante.fr\/index.php\/wp-json\/wp\/v2\/media?parent=570"}],"curies":[{"name":"wp","href":"https:\/\/api.w.org\/{rel}","templated":true}]}}