{"id":321,"date":"2023-10-31T13:38:15","date_gmt":"2023-10-31T12:38:15","guid":{"rendered":"https:\/\/www.cinerge-esante.fr\/?page_id=321"},"modified":"2023-12-15T11:07:34","modified_gmt":"2023-12-15T10:07:34","slug":"notre-projet","status":"publish","type":"page","link":"https:\/\/www.cinergesante.fr\/index.php\/notre-projet\/","title":{"rendered":"Notre projet"},"content":{"rendered":"\t\t<div data-elementor-type=\"wp-page\" data-elementor-id=\"321\" class=\"elementor elementor-321\">\n\t\t\t\t<div class=\"elementor-element elementor-element-2dd45e7 e-flex e-con-boxed e-con e-parent\" data-id=\"2dd45e7\" data-element_type=\"container\" data-e-type=\"container\">\n\t\t\t\t\t<div class=\"e-con-inner\">\n\t\t\t\t<div class=\"elementor-element elementor-element-f3ed243 elementor-widget elementor-widget-spacer\" data-id=\"f3ed243\" data-element_type=\"widget\" data-e-type=\"widget\" data-widget_type=\"spacer.default\">\n\t\t\t\t<div class=\"elementor-widget-container\">\n\t\t\t\t\t\t\t<div class=\"elementor-spacer\">\n\t\t\t<div class=\"elementor-spacer-inner\"><\/div>\n\t\t<\/div>\n\t\t\t\t\t\t<\/div>\n\t\t\t\t<\/div>\n\t\t\t\t<div class=\"elementor-element elementor-element-c2c7f79 elementor-widget elementor-widget-spacer\" data-id=\"c2c7f79\" data-element_type=\"widget\" data-e-type=\"widget\" data-widget_type=\"spacer.default\">\n\t\t\t\t<div class=\"elementor-widget-container\">\n\t\t\t\t\t\t\t<div class=\"elementor-spacer\">\n\t\t\t<div class=\"elementor-spacer-inner\"><\/div>\n\t\t<\/div>\n\t\t\t\t\t\t<\/div>\n\t\t\t\t<\/div>\n\t\t\t\t\t<\/div>\n\t\t\t\t<\/div>\n\t\t<div class=\"elementor-element elementor-element-21f96bf e-flex e-con-boxed e-con e-parent\" data-id=\"21f96bf\" data-element_type=\"container\" data-e-type=\"container\">\n\t\t\t\t\t<div class=\"e-con-inner\">\n\t\t\t\t<div class=\"elementor-element elementor-element-354a5ec elementor-widget elementor-widget-spacer\" data-id=\"354a5ec\" data-element_type=\"widget\" data-e-type=\"widget\" data-widget_type=\"spacer.default\">\n\t\t\t\t<div class=\"elementor-widget-container\">\n\t\t\t\t\t\t\t<div class=\"elementor-spacer\">\n\t\t\t<div class=\"elementor-spacer-inner\"><\/div>\n\t\t<\/div>\n\t\t\t\t\t\t<\/div>\n\t\t\t\t<\/div>\n\t\t<div class=\"elementor-element elementor-element-fa883a7 e-con-full e-flex e-con e-child\" data-id=\"fa883a7\" data-element_type=\"container\" data-e-type=\"container\">\n\t\t\t\t<div class=\"elementor-element elementor-element-db3eaee elementor-widget elementor-widget-heading\" data-id=\"db3eaee\" data-element_type=\"widget\" data-e-type=\"widget\" data-widget_type=\"heading.default\">\n\t\t\t\t<div class=\"elementor-widget-container\">\n\t\t\t\t\t<h2 class=\"elementor-heading-title elementor-size-default\">Le projet CINERG'e-sant\u00e9<\/h2>\t\t\t\t<\/div>\n\t\t\t\t<\/div>\n\t\t\t\t<\/div>\n\t\t\t\t\t<\/div>\n\t\t\t\t<\/div>\n\t\t<div class=\"elementor-element elementor-element-3cbb16e e-flex e-con-boxed e-con e-parent\" data-id=\"3cbb16e\" data-element_type=\"container\" data-e-type=\"container\">\n\t\t\t\t\t<div class=\"e-con-inner\">\n\t\t\t\t<div class=\"elementor-element elementor-element-b207c1b elementor-widget elementor-widget-spacer\" data-id=\"b207c1b\" data-element_type=\"widget\" data-e-type=\"widget\" data-widget_type=\"spacer.default\">\n\t\t\t\t<div class=\"elementor-widget-container\">\n\t\t\t\t\t\t\t<div class=\"elementor-spacer\">\n\t\t\t<div class=\"elementor-spacer-inner\"><\/div>\n\t\t<\/div>\n\t\t\t\t\t\t<\/div>\n\t\t\t\t<\/div>\n\t\t<div class=\"elementor-element elementor-element-332d1d6 e-con-full e-flex e-con e-child\" data-id=\"332d1d6\" data-element_type=\"container\" data-e-type=\"container\">\n\t\t\t\t<div class=\"elementor-element elementor-element-f9216f8 elementor-widget__width-initial elementor-widget elementor-widget-text-editor\" data-id=\"f9216f8\" data-element_type=\"widget\" data-e-type=\"widget\" data-widget_type=\"text-editor.default\">\n\t\t\t\t<div class=\"elementor-widget-container\">\n\t\t\t\t\t\t\t\t\t<p>Forts de notre expertise en conception p\u00e9dagogique, nous nous engageons \u00e0 cr\u00e9er des contenus de formation et des parcours d&rsquo;apprentissage personnalis\u00e9s par niveaux et par r\u00e9f\u00e9rentiels m\u00e9tiers support\u00e9s par une plateforme d\u2019apprentissage d\u00e9di\u00e9e. Notre objectif est d&rsquo;adapter nos programmes pour r\u00e9pondre aux besoins sp\u00e9cifiques de nos apprenants et correspondre \u00e0 la r\u00e9alit\u00e9 de leurs usages professionnels sur le terrain. De plus, l\u2019exploitation des traces d\u2019apprentissages nous permettra de proposer un accompagnement individualis\u00e9<br \/>\u00e0 chaque apprenant.<\/p><p>L\u2019approche p\u00e9dagogique est centr\u00e9e sur l\u2019apprenant qui b\u00e9n\u00e9ficiera de contenus de formations innovants tels que des capsules p\u00e9dagogiques interactives, de la r\u00e9alit\u00e9 virtuelle, des jeux s\u00e9rieux et des s\u00e9ances de simulation. La contextualisation de ces connaissances sera renforc\u00e9e gr\u00e2ce \u00e0 des p\u00e9riodes de mises en pratique professionnelles r\u00e9alis\u00e9es au sein des \u00e9tablissements du GHT, ou encore des entreprises partenaires.<\/p><p><br \/>Afin de valider les contenus de formation, notre \u00e9quipe p\u00e9dagogique s\u2019appuie sur des experts de la cybers\u00e9curit\u00e9, des professionnels de la protection des donn\u00e9es de sant\u00e9 ainsi que des sp\u00e9cialistes de l&rsquo;utilisation des outils num\u00e9riques.<br \/>Ces formations auront \u00e9galement pour vocation \u00e0 sensibiliser les apprenants aux bons usages de la e-sant\u00e9pour une utilisation \u00e9thique et \u00e9co-responsable du num\u00e9rique.<\/p>\t\t\t\t\t\t\t\t<\/div>\n\t\t\t\t<\/div>\n\t\t\t\t<\/div>\n\t\t\t\t<div class=\"elementor-element elementor-element-785acdd elementor-widget elementor-widget-spacer\" data-id=\"785acdd\" data-element_type=\"widget\" data-e-type=\"widget\" data-widget_type=\"spacer.default\">\n\t\t\t\t<div class=\"elementor-widget-container\">\n\t\t\t\t\t\t\t<div class=\"elementor-spacer\">\n\t\t\t<div class=\"elementor-spacer-inner\"><\/div>\n\t\t<\/div>\n\t\t\t\t\t\t<\/div>\n\t\t\t\t<\/div>\n\t\t<div class=\"elementor-element elementor-element-f80c9fe e-con-full e-flex e-con e-child\" data-id=\"f80c9fe\" data-element_type=\"container\" data-e-type=\"container\">\n\t\t\t\t<div class=\"elementor-element elementor-element-51715ac elementor-widget elementor-widget-image\" data-id=\"51715ac\" data-element_type=\"widget\" data-e-type=\"widget\" data-widget_type=\"image.default\">\n\t\t\t\t<div class=\"elementor-widget-container\">\n\t\t\t\t\t\t\t\t\t\t\t\t\t\t\t<img fetchpriority=\"high\" decoding=\"async\" width=\"768\" height=\"1024\" src=\"https:\/\/www.cinergesante.fr\/wp-content\/uploads\/2023\/12\/IMG_0085-768x1024.jpg\" class=\"attachment-large size-large wp-image-850\" alt=\"apprenant au centre de simulation\" srcset=\"https:\/\/www.cinergesante.fr\/wp-content\/uploads\/2023\/12\/IMG_0085-768x1024.jpg 768w, https:\/\/www.cinergesante.fr\/wp-content\/uploads\/2023\/12\/IMG_0085-225x300.jpg 225w, https:\/\/www.cinergesante.fr\/wp-content\/uploads\/2023\/12\/IMG_0085-1152x1536.jpg 1152w, https:\/\/www.cinergesante.fr\/wp-content\/uploads\/2023\/12\/IMG_0085-1536x2048.jpg 1536w, https:\/\/www.cinergesante.fr\/wp-content\/uploads\/2023\/12\/IMG_0085-scaled.jpg 1920w\" sizes=\"(max-width: 768px) 100vw, 768px\" \/>\t\t\t\t\t\t\t\t\t\t\t\t\t\t\t<\/div>\n\t\t\t\t<\/div>\n\t\t\t\t<\/div>\n\t\t\t\t<div class=\"elementor-element elementor-element-3cb65cd elementor-widget elementor-widget-spacer\" data-id=\"3cb65cd\" data-element_type=\"widget\" data-e-type=\"widget\" data-widget_type=\"spacer.default\">\n\t\t\t\t<div class=\"elementor-widget-container\">\n\t\t\t\t\t\t\t<div class=\"elementor-spacer\">\n\t\t\t<div class=\"elementor-spacer-inner\"><\/div>\n\t\t<\/div>\n\t\t\t\t\t\t<\/div>\n\t\t\t\t<\/div>\n\t\t\t\t\t<\/div>\n\t\t\t\t<\/div>\n\t\t\t\t<\/div>\n\t\t","protected":false},"excerpt":{"rendered":"<p>Le projet CINERG&rsquo;e-sant\u00e9 Forts de notre expertise en conception p\u00e9dagogique, nous nous engageons \u00e0 cr\u00e9er des contenus de formation et des parcours d&rsquo;apprentissage personnalis\u00e9s par niveaux et par r\u00e9f\u00e9rentiels m\u00e9tiers support\u00e9s par une plateforme d\u2019apprentissage d\u00e9di\u00e9e. Notre objectif est d&rsquo;adapter nos programmes pour r\u00e9pondre aux besoins sp\u00e9cifiques de nos apprenants et correspondre \u00e0 la r\u00e9alit\u00e9 &hellip;<\/p>\n<p class=\"read-more\"> <a class=\"\" href=\"https:\/\/www.cinergesante.fr\/index.php\/notre-projet\/\"> <span class=\"screen-reader-text\">Notre projet<\/span> Lire la suite\u00a0\u00bb<\/a><\/p>\n","protected":false},"author":2,"featured_media":0,"parent":0,"menu_order":0,"comment_status":"closed","ping_status":"closed","template":"","meta":{"_uag_custom_page_level_css":"","site-sidebar-layout":"no-sidebar","site-content-layout":"","ast-site-content-layout":"full-width-container","site-content-style":"default","site-sidebar-style":"default","ast-global-header-display":"","ast-banner-title-visibility":"","ast-main-header-display":"","ast-hfb-above-header-display":"","ast-hfb-below-header-display":"","ast-hfb-mobile-header-display":"","site-post-title":"disabled","ast-breadcrumbs-content":"","ast-featured-img":"disabled","footer-sml-layout":"","theme-transparent-header-meta":"","adv-header-id-meta":"","stick-header-meta":"","header-above-stick-meta":"","header-main-stick-meta":"","header-below-stick-meta":"","astra-migrate-meta-layouts":"","footnotes":""},"class_list":["post-321","page","type-page","status-publish","hentry"],"yoast_head":"<!-- This site is optimized with the Yoast SEO plugin v21.5 - https:\/\/yoast.com\/wordpress\/plugins\/seo\/ -->\n<title>Notre projet - CINERG&#039;e-sant\u00e9<\/title>\n<meta name=\"robots\" content=\"index, follow, max-snippet:-1, max-image-preview:large, max-video-preview:-1\" \/>\n<link rel=\"canonical\" href=\"https:\/\/www.cinergesante.fr\/index.php\/notre-projet\/\" \/>\n<meta property=\"og:locale\" content=\"fr_FR\" \/>\n<meta property=\"og:type\" content=\"article\" \/>\n<meta property=\"og:title\" content=\"Notre projet - CINERG&#039;e-sant\u00e9\" \/>\n<meta property=\"og:description\" content=\"Le projet CINERG&rsquo;e-sant\u00e9 Forts de notre expertise en conception p\u00e9dagogique, nous nous engageons \u00e0 cr\u00e9er des contenus de formation et des parcours d&rsquo;apprentissage personnalis\u00e9s par niveaux et par r\u00e9f\u00e9rentiels m\u00e9tiers support\u00e9s par une plateforme d\u2019apprentissage d\u00e9di\u00e9e. Notre objectif est d&rsquo;adapter nos programmes pour r\u00e9pondre aux besoins sp\u00e9cifiques de nos apprenants et correspondre \u00e0 la r\u00e9alit\u00e9 &hellip; Notre projet Lire la suite\u00a0\u00bb\" \/>\n<meta property=\"og:url\" content=\"https:\/\/www.cinergesante.fr\/index.php\/notre-projet\/\" \/>\n<meta property=\"og:site_name\" content=\"CINERG&#039;e-sant\u00e9\" \/>\n<meta property=\"article:modified_time\" content=\"2023-12-15T10:07:34+00:00\" \/>\n<meta property=\"og:image\" content=\"https:\/\/www.cinergesante.fr\/wp-content\/uploads\/2023\/12\/IMG_0085-768x1024.jpg\" \/>\n<meta name=\"twitter:card\" content=\"summary_large_image\" \/>\n<meta name=\"twitter:label1\" content=\"Dur\u00e9e de lecture estim\u00e9e\" \/>\n\t<meta name=\"twitter:data1\" content=\"2 minutes\" \/>\n<script type=\"application\/ld+json\" class=\"yoast-schema-graph\">{\"@context\":\"https:\/\/schema.org\",\"@graph\":[{\"@type\":\"WebPage\",\"@id\":\"https:\/\/www.cinergesante.fr\/index.php\/notre-projet\/\",\"url\":\"https:\/\/www.cinergesante.fr\/index.php\/notre-projet\/\",\"name\":\"Notre projet - CINERG&#039;e-sant\u00e9\",\"isPartOf\":{\"@id\":\"https:\/\/www.cinergesante.fr\/#website\"},\"datePublished\":\"2023-10-31T12:38:15+00:00\",\"dateModified\":\"2023-12-15T10:07:34+00:00\",\"breadcrumb\":{\"@id\":\"https:\/\/www.cinergesante.fr\/index.php\/notre-projet\/#breadcrumb\"},\"inLanguage\":\"fr-FR\",\"potentialAction\":[{\"@type\":\"ReadAction\",\"target\":[\"https:\/\/www.cinergesante.fr\/index.php\/notre-projet\/\"]}]},{\"@type\":\"BreadcrumbList\",\"@id\":\"https:\/\/www.cinergesante.fr\/index.php\/notre-projet\/#breadcrumb\",\"itemListElement\":[{\"@type\":\"ListItem\",\"position\":1,\"name\":\"Accueil\",\"item\":\"https:\/\/www.cinergesante.fr\/\"},{\"@type\":\"ListItem\",\"position\":2,\"name\":\"Notre projet\"}]},{\"@type\":\"WebSite\",\"@id\":\"https:\/\/www.cinergesante.fr\/#website\",\"url\":\"https:\/\/www.cinergesante.fr\/\",\"name\":\"CINERG&#039;e-sant\u00e9\",\"description\":\"\",\"publisher\":{\"@id\":\"https:\/\/www.cinergesante.fr\/#organization\"},\"potentialAction\":[{\"@type\":\"SearchAction\",\"target\":{\"@type\":\"EntryPoint\",\"urlTemplate\":\"https:\/\/www.cinergesante.fr\/?s={search_term_string}\"},\"query-input\":\"required name=search_term_string\"}],\"inLanguage\":\"fr-FR\"},{\"@type\":\"Organization\",\"@id\":\"https:\/\/www.cinergesante.fr\/#organization\",\"name\":\"CINERG&#039;e-sant\u00e9\",\"url\":\"https:\/\/www.cinergesante.fr\/\",\"logo\":{\"@type\":\"ImageObject\",\"inLanguage\":\"fr-FR\",\"@id\":\"https:\/\/www.cinergesante.fr\/#\/schema\/logo\/image\/\",\"url\":\"https:\/\/www.cinergesante.fr\/wp-content\/uploads\/2023\/11\/cropped-Logo-CINERG-e-sante.png\",\"contentUrl\":\"https:\/\/www.cinergesante.fr\/wp-content\/uploads\/2023\/11\/cropped-Logo-CINERG-e-sante.png\",\"width\":889,\"height\":328,\"caption\":\"CINERG&#039;e-sant\u00e9\"},\"image\":{\"@id\":\"https:\/\/www.cinergesante.fr\/#\/schema\/logo\/image\/\"}}]}<\/script>\n<!-- \/ Yoast SEO plugin. -->","yoast_head_json":{"title":"Notre projet - CINERG&#039;e-sant\u00e9","robots":{"index":"index","follow":"follow","max-snippet":"max-snippet:-1","max-image-preview":"max-image-preview:large","max-video-preview":"max-video-preview:-1"},"canonical":"https:\/\/www.cinergesante.fr\/index.php\/notre-projet\/","og_locale":"fr_FR","og_type":"article","og_title":"Notre projet - CINERG&#039;e-sant\u00e9","og_description":"Le projet CINERG&rsquo;e-sant\u00e9 Forts de notre expertise en conception p\u00e9dagogique, nous nous engageons \u00e0 cr\u00e9er des contenus de formation et des parcours d&rsquo;apprentissage personnalis\u00e9s par niveaux et par r\u00e9f\u00e9rentiels m\u00e9tiers support\u00e9s par une plateforme d\u2019apprentissage d\u00e9di\u00e9e. Notre objectif est d&rsquo;adapter nos programmes pour r\u00e9pondre aux besoins sp\u00e9cifiques de nos apprenants et correspondre \u00e0 la r\u00e9alit\u00e9 &hellip; Notre projet Lire la suite\u00a0\u00bb","og_url":"https:\/\/www.cinergesante.fr\/index.php\/notre-projet\/","og_site_name":"CINERG&#039;e-sant\u00e9","article_modified_time":"2023-12-15T10:07:34+00:00","og_image":[{"url":"https:\/\/www.cinergesante.fr\/wp-content\/uploads\/2023\/12\/IMG_0085-768x1024.jpg"}],"twitter_card":"summary_large_image","twitter_misc":{"Dur\u00e9e de lecture estim\u00e9e":"2 minutes"},"schema":{"@context":"https:\/\/schema.org","@graph":[{"@type":"WebPage","@id":"https:\/\/www.cinergesante.fr\/index.php\/notre-projet\/","url":"https:\/\/www.cinergesante.fr\/index.php\/notre-projet\/","name":"Notre projet - CINERG&#039;e-sant\u00e9","isPartOf":{"@id":"https:\/\/www.cinergesante.fr\/#website"},"datePublished":"2023-10-31T12:38:15+00:00","dateModified":"2023-12-15T10:07:34+00:00","breadcrumb":{"@id":"https:\/\/www.cinergesante.fr\/index.php\/notre-projet\/#breadcrumb"},"inLanguage":"fr-FR","potentialAction":[{"@type":"ReadAction","target":["https:\/\/www.cinergesante.fr\/index.php\/notre-projet\/"]}]},{"@type":"BreadcrumbList","@id":"https:\/\/www.cinergesante.fr\/index.php\/notre-projet\/#breadcrumb","itemListElement":[{"@type":"ListItem","position":1,"name":"Accueil","item":"https:\/\/www.cinergesante.fr\/"},{"@type":"ListItem","position":2,"name":"Notre projet"}]},{"@type":"WebSite","@id":"https:\/\/www.cinergesante.fr\/#website","url":"https:\/\/www.cinergesante.fr\/","name":"CINERG&#039;e-sant\u00e9","description":"","publisher":{"@id":"https:\/\/www.cinergesante.fr\/#organization"},"potentialAction":[{"@type":"SearchAction","target":{"@type":"EntryPoint","urlTemplate":"https:\/\/www.cinergesante.fr\/?s={search_term_string}"},"query-input":"required name=search_term_string"}],"inLanguage":"fr-FR"},{"@type":"Organization","@id":"https:\/\/www.cinergesante.fr\/#organization","name":"CINERG&#039;e-sant\u00e9","url":"https:\/\/www.cinergesante.fr\/","logo":{"@type":"ImageObject","inLanguage":"fr-FR","@id":"https:\/\/www.cinergesante.fr\/#\/schema\/logo\/image\/","url":"https:\/\/www.cinergesante.fr\/wp-content\/uploads\/2023\/11\/cropped-Logo-CINERG-e-sante.png","contentUrl":"https:\/\/www.cinergesante.fr\/wp-content\/uploads\/2023\/11\/cropped-Logo-CINERG-e-sante.png","width":889,"height":328,"caption":"CINERG&#039;e-sant\u00e9"},"image":{"@id":"https:\/\/www.cinergesante.fr\/#\/schema\/logo\/image\/"}}]}},"jetpack_sharing_enabled":true,"uagb_featured_image_src":{"full":false,"thumbnail":false,"medium":false,"medium_large":false,"large":false,"1536x1536":false,"2048x2048":false,"course_single":false,"course_archive":false},"uagb_author_info":{"display_name":"Chlo\u00e9 Berthon","author_link":"https:\/\/www.cinergesante.fr\/index.php\/author\/berthp12\/"},"uagb_comment_info":0,"uagb_excerpt":"Le projet CINERG&rsquo;e-sant\u00e9 Forts de notre expertise en conception p\u00e9dagogique, nous nous engageons \u00e0 cr\u00e9er des contenus de formation et des parcours d&rsquo;apprentissage personnalis\u00e9s par niveaux et par r\u00e9f\u00e9rentiels m\u00e9tiers support\u00e9s par une plateforme d\u2019apprentissage d\u00e9di\u00e9e. Notre objectif est d&rsquo;adapter nos programmes pour r\u00e9pondre aux besoins sp\u00e9cifiques de nos apprenants et correspondre \u00e0 la r\u00e9alit\u00e9\u2026","_links":{"self":[{"href":"https:\/\/www.cinergesante.fr\/index.php\/wp-json\/wp\/v2\/pages\/321","targetHints":{"allow":["GET"]}}],"collection":[{"href":"https:\/\/www.cinergesante.fr\/index.php\/wp-json\/wp\/v2\/pages"}],"about":[{"href":"https:\/\/www.cinergesante.fr\/index.php\/wp-json\/wp\/v2\/types\/page"}],"author":[{"embeddable":true,"href":"https:\/\/www.cinergesante.fr\/index.php\/wp-json\/wp\/v2\/users\/2"}],"replies":[{"embeddable":true,"href":"https:\/\/www.cinergesante.fr\/index.php\/wp-json\/wp\/v2\/comments?post=321"}],"version-history":[{"count":40,"href":"https:\/\/www.cinergesante.fr\/index.php\/wp-json\/wp\/v2\/pages\/321\/revisions"}],"predecessor-version":[{"id":868,"href":"https:\/\/www.cinergesante.fr\/index.php\/wp-json\/wp\/v2\/pages\/321\/revisions\/868"}],"wp:attachment":[{"href":"https:\/\/www.cinergesante.fr\/index.php\/wp-json\/wp\/v2\/media?parent=321"}],"curies":[{"name":"wp","href":"https:\/\/api.w.org\/{rel}","templated":true}]}}