{"id":240,"date":"2023-10-25T18:23:24","date_gmt":"2023-10-25T16:23:24","guid":{"rendered":"https:\/\/www.cinerge-esante.fr\/?page_id=240"},"modified":"2024-01-15T16:50:07","modified_gmt":"2024-01-15T15:50:07","slug":"actualites","status":"publish","type":"page","link":"https:\/\/www.cinergesante.fr\/index.php\/actualites\/","title":{"rendered":"Actualit\u00e9s"},"content":{"rendered":"\t\t<div data-elementor-type=\"wp-page\" data-elementor-id=\"240\" class=\"elementor elementor-240\">\n\t\t\t\t<div class=\"elementor-element elementor-element-b401856 e-flex e-con-boxed e-con e-parent\" data-id=\"b401856\" data-element_type=\"container\" data-e-type=\"container\">\n\t\t\t\t\t<div class=\"e-con-inner\">\n\t\t\t\t<div class=\"elementor-element elementor-element-40a0c4a elementor-widget elementor-widget-spacer\" data-id=\"40a0c4a\" data-element_type=\"widget\" data-e-type=\"widget\" data-widget_type=\"spacer.default\">\n\t\t\t\t<div class=\"elementor-widget-container\">\n\t\t\t\t\t\t\t<div class=\"elementor-spacer\">\n\t\t\t<div class=\"elementor-spacer-inner\"><\/div>\n\t\t<\/div>\n\t\t\t\t\t\t<\/div>\n\t\t\t\t<\/div>\n\t\t\t\t<div class=\"elementor-element elementor-element-e364972 elementor-grid-eael-col-4 elementor-grid-tablet-eael-col-2 elementor-grid-mobile-eael-col-1 elementor-widget elementor-widget-eael-post-grid\" data-id=\"e364972\" data-element_type=\"widget\" data-e-type=\"widget\" data-settings=\"{&quot;eael_post_grid_columns&quot;:&quot;eael-col-4&quot;,&quot;eael_post_grid_columns_tablet&quot;:&quot;eael-col-2&quot;,&quot;eael_post_grid_columns_mobile&quot;:&quot;eael-col-1&quot;}\" data-widget_type=\"eael-post-grid.default\">\n\t\t\t\t<div class=\"elementor-widget-container\">\n\t\t\t\t\t<div id=\"eael-post-grid-e364972\" class=\"eael-post-grid-container\">\n            <div class=\"eael-post-grid eael-post-appender eael-post-appender-e364972 eael-post-grid-style-default\" data-layout-mode=\"masonry\"><article class=\"eael-grid-post eael-post-grid-column\" data-id=\"874\">\n        <div class=\"eael-grid-post-holder\">\n            <div class=\"eael-grid-post-holder-inner\"><div class=\"eael-entry-media\"><div class=\"eael-entry-overlay fade-in\"><i class=\"fas fa-long-arrow-alt-right\" aria-hidden=\"true\"><\/i><a href=\"https:\/\/www.cinergesante.fr\/index.php\/2024\/01\/15\/donnees-sante\/\"><\/a><\/div><div class=\"eael-entry-thumbnail \">\n                <img fetchpriority=\"high\" decoding=\"async\" width=\"300\" height=\"200\" src=\"https:\/\/www.cinergesante.fr\/wp-content\/uploads\/2024\/01\/cinergesante_donne_de_sante-300x200.png\" class=\"attachment-medium size-medium wp-image-876\" alt=\"medecin montre donn\u00e9es de sant\u00e9 au patient\" srcset=\"https:\/\/www.cinergesante.fr\/wp-content\/uploads\/2024\/01\/cinergesante_donne_de_sante-300x200.png 300w, https:\/\/www.cinergesante.fr\/wp-content\/uploads\/2024\/01\/cinergesante_donne_de_sante-1024x683.png 1024w, https:\/\/www.cinergesante.fr\/wp-content\/uploads\/2024\/01\/cinergesante_donne_de_sante-768x512.png 768w, https:\/\/www.cinergesante.fr\/wp-content\/uploads\/2024\/01\/cinergesante_donne_de_sante-1536x1024.png 1536w, https:\/\/www.cinergesante.fr\/wp-content\/uploads\/2024\/01\/cinergesante_donne_de_sante-2048x1365.png 2048w\" sizes=\"(max-width: 300px) 100vw, 300px\" \/>\n            <\/div>\n        <\/div><div class=\"eael-entry-wrapper\"><header class=\"eael-entry-header\"><h2 class=\"eael-entry-title\"><a\n                        class=\"eael-grid-post-link\"\n                        href=\"https:\/\/www.cinergesante.fr\/index.php\/2024\/01\/15\/donnees-sante\/\"\n                        title=\"L&rsquo;importance cruciale des donn\u00e9es de sant\u00e9 : Une plong\u00e9e dans le RGPD et les imp\u00e9ratifs \u00e9thiques\">L&rsquo;importance cruciale des donn\u00e9es de sant\u00e9 : Une plong\u00e9e dans le RGPD et les imp\u00e9ratifs \u00e9thiques<\/a><\/h2><\/header><div class=\"eael-entry-content\">\n                        <div class=\"eael-grid-post-excerpt\"><p>Les donn\u00e9es de sant\u00e9 sont au c\u0153ur de nos pr\u00e9occupations,...<\/p><a\n                            href=\"https:\/\/www.cinergesante.fr\/index.php\/2024\/01\/15\/donnees-sante\/\"\n                            class=\"eael-post-elements-readmore-btn\">Read More<\/a><\/div>\n                    <\/div><div class=\"eael-entry-footer\"><div class=\"eael-author-avatar\"><a href=\"https:\/\/www.cinergesante.fr\/index.php\/author\/berthp12\/\"><img alt='' src='https:\/\/secure.gravatar.com\/avatar\/233dc2f4f8b146e34a3a03e30b2430a954c838a2f389fbef2c9572cfd62c34fa?s=96&#038;d=mm&#038;r=g' srcset='https:\/\/secure.gravatar.com\/avatar\/233dc2f4f8b146e34a3a03e30b2430a954c838a2f389fbef2c9572cfd62c34fa?s=192&#038;d=mm&#038;r=g 2x' class='avatar avatar-96 photo' height='96' width='96' \/><\/a><\/div><div class=\"eael-entry-meta\"><span class=\"eael-posted-by\"><a href=\"https:\/\/www.cinergesante.fr\/index.php\/author\/berthp12\/\" title=\"Articles par Chlo\u00e9 Berthon\" rel=\"author\">Chlo\u00e9 Berthon<\/a><\/span><span class=\"eael-posted-on\"><time datetime=\"15 janvier 2024\">15 janvier 2024<\/time><\/span><\/div><\/div><\/div><\/div>\n        <\/div>\n    <\/article><\/div>\n            <div class=\"clearfix\"><\/div>\n        <\/div>\t\t\t\t<\/div>\n\t\t\t\t<\/div>\n\t\t\t\t\t<\/div>\n\t\t\t\t<\/div>\n\t\t\t\t<\/div>\n\t\t","protected":false},"excerpt":{"rendered":"<p>L&rsquo;importance cruciale des donn\u00e9es de sant\u00e9 : Une plong\u00e9e dans le RGPD et les imp\u00e9ratifs \u00e9thiques Les donn\u00e9es de sant\u00e9 sont au c\u0153ur de nos pr\u00e9occupations,&#8230; Read More Chlo\u00e9 Berthon15 janvier 2024<\/p>\n","protected":false},"author":4,"featured_media":0,"parent":0,"menu_order":0,"comment_status":"closed","ping_status":"closed","template":"","meta":{"_uag_custom_page_level_css":"","site-sidebar-layout":"no-sidebar","site-content-layout":"","ast-site-content-layout":"full-width-container","site-content-style":"default","site-sidebar-style":"default","ast-global-header-display":"","ast-banner-title-visibility":"","ast-main-header-display":"","ast-hfb-above-header-display":"","ast-hfb-below-header-display":"","ast-hfb-mobile-header-display":"","site-post-title":"disabled","ast-breadcrumbs-content":"","ast-featured-img":"disabled","footer-sml-layout":"","theme-transparent-header-meta":"","adv-header-id-meta":"","stick-header-meta":"","header-above-stick-meta":"","header-main-stick-meta":"","header-below-stick-meta":"","astra-migrate-meta-layouts":"","footnotes":""},"class_list":["post-240","page","type-page","status-publish","hentry"],"yoast_head":"<!-- This site is optimized with the Yoast SEO plugin v21.5 - https:\/\/yoast.com\/wordpress\/plugins\/seo\/ -->\n<title>Actualit\u00e9s - CINERG&#039;e-sant\u00e9<\/title>\n<meta name=\"robots\" content=\"index, follow, max-snippet:-1, max-image-preview:large, max-video-preview:-1\" \/>\n<link rel=\"canonical\" href=\"https:\/\/www.cinergesante.fr\/index.php\/actualites\/\" \/>\n<meta property=\"og:locale\" content=\"fr_FR\" \/>\n<meta property=\"og:type\" content=\"article\" \/>\n<meta property=\"og:title\" content=\"Actualit\u00e9s - CINERG&#039;e-sant\u00e9\" \/>\n<meta property=\"og:description\" content=\"L&rsquo;importance cruciale des donn\u00e9es de sant\u00e9 : Une plong\u00e9e dans le RGPD et les imp\u00e9ratifs \u00e9thiques Les donn\u00e9es de sant\u00e9 sont au c\u0153ur de nos pr\u00e9occupations,&#8230; Read More Chlo\u00e9 Berthon15 janvier 2024\" \/>\n<meta property=\"og:url\" content=\"https:\/\/www.cinergesante.fr\/index.php\/actualites\/\" \/>\n<meta property=\"og:site_name\" content=\"CINERG&#039;e-sant\u00e9\" \/>\n<meta property=\"article:modified_time\" content=\"2024-01-15T15:50:07+00:00\" \/>\n<meta property=\"og:image\" content=\"https:\/\/www.cinergesante.fr\/wp-content\/uploads\/2024\/01\/cinergesante_donne_de_sante-300x200.png\" \/>\n<meta name=\"twitter:card\" content=\"summary_large_image\" \/>\n<meta name=\"twitter:label1\" content=\"Dur\u00e9e de lecture estim\u00e9e\" \/>\n\t<meta name=\"twitter:data1\" content=\"1 minute\" \/>\n<script type=\"application\/ld+json\" class=\"yoast-schema-graph\">{\"@context\":\"https:\/\/schema.org\",\"@graph\":[{\"@type\":\"WebPage\",\"@id\":\"https:\/\/www.cinergesante.fr\/index.php\/actualites\/\",\"url\":\"https:\/\/www.cinergesante.fr\/index.php\/actualites\/\",\"name\":\"Actualit\u00e9s - CINERG&#039;e-sant\u00e9\",\"isPartOf\":{\"@id\":\"https:\/\/www.cinergesante.fr\/#website\"},\"datePublished\":\"2023-10-25T16:23:24+00:00\",\"dateModified\":\"2024-01-15T15:50:07+00:00\",\"breadcrumb\":{\"@id\":\"https:\/\/www.cinergesante.fr\/index.php\/actualites\/#breadcrumb\"},\"inLanguage\":\"fr-FR\",\"potentialAction\":[{\"@type\":\"ReadAction\",\"target\":[\"https:\/\/www.cinergesante.fr\/index.php\/actualites\/\"]}]},{\"@type\":\"BreadcrumbList\",\"@id\":\"https:\/\/www.cinergesante.fr\/index.php\/actualites\/#breadcrumb\",\"itemListElement\":[{\"@type\":\"ListItem\",\"position\":1,\"name\":\"Accueil\",\"item\":\"https:\/\/www.cinergesante.fr\/\"},{\"@type\":\"ListItem\",\"position\":2,\"name\":\"Actualit\u00e9s\"}]},{\"@type\":\"WebSite\",\"@id\":\"https:\/\/www.cinergesante.fr\/#website\",\"url\":\"https:\/\/www.cinergesante.fr\/\",\"name\":\"CINERG&#039;e-sant\u00e9\",\"description\":\"\",\"publisher\":{\"@id\":\"https:\/\/www.cinergesante.fr\/#organization\"},\"potentialAction\":[{\"@type\":\"SearchAction\",\"target\":{\"@type\":\"EntryPoint\",\"urlTemplate\":\"https:\/\/www.cinergesante.fr\/?s={search_term_string}\"},\"query-input\":\"required name=search_term_string\"}],\"inLanguage\":\"fr-FR\"},{\"@type\":\"Organization\",\"@id\":\"https:\/\/www.cinergesante.fr\/#organization\",\"name\":\"CINERG&#039;e-sant\u00e9\",\"url\":\"https:\/\/www.cinergesante.fr\/\",\"logo\":{\"@type\":\"ImageObject\",\"inLanguage\":\"fr-FR\",\"@id\":\"https:\/\/www.cinergesante.fr\/#\/schema\/logo\/image\/\",\"url\":\"https:\/\/www.cinergesante.fr\/wp-content\/uploads\/2023\/11\/cropped-Logo-CINERG-e-sante.png\",\"contentUrl\":\"https:\/\/www.cinergesante.fr\/wp-content\/uploads\/2023\/11\/cropped-Logo-CINERG-e-sante.png\",\"width\":889,\"height\":328,\"caption\":\"CINERG&#039;e-sant\u00e9\"},\"image\":{\"@id\":\"https:\/\/www.cinergesante.fr\/#\/schema\/logo\/image\/\"}}]}<\/script>\n<!-- \/ Yoast SEO plugin. -->","yoast_head_json":{"title":"Actualit\u00e9s - CINERG&#039;e-sant\u00e9","robots":{"index":"index","follow":"follow","max-snippet":"max-snippet:-1","max-image-preview":"max-image-preview:large","max-video-preview":"max-video-preview:-1"},"canonical":"https:\/\/www.cinergesante.fr\/index.php\/actualites\/","og_locale":"fr_FR","og_type":"article","og_title":"Actualit\u00e9s - CINERG&#039;e-sant\u00e9","og_description":"L&rsquo;importance cruciale des donn\u00e9es de sant\u00e9 : Une plong\u00e9e dans le RGPD et les imp\u00e9ratifs \u00e9thiques Les donn\u00e9es de sant\u00e9 sont au c\u0153ur de nos pr\u00e9occupations,&#8230; Read More Chlo\u00e9 Berthon15 janvier 2024","og_url":"https:\/\/www.cinergesante.fr\/index.php\/actualites\/","og_site_name":"CINERG&#039;e-sant\u00e9","article_modified_time":"2024-01-15T15:50:07+00:00","og_image":[{"url":"https:\/\/www.cinergesante.fr\/wp-content\/uploads\/2024\/01\/cinergesante_donne_de_sante-300x200.png"}],"twitter_card":"summary_large_image","twitter_misc":{"Dur\u00e9e de lecture estim\u00e9e":"1 minute"},"schema":{"@context":"https:\/\/schema.org","@graph":[{"@type":"WebPage","@id":"https:\/\/www.cinergesante.fr\/index.php\/actualites\/","url":"https:\/\/www.cinergesante.fr\/index.php\/actualites\/","name":"Actualit\u00e9s - CINERG&#039;e-sant\u00e9","isPartOf":{"@id":"https:\/\/www.cinergesante.fr\/#website"},"datePublished":"2023-10-25T16:23:24+00:00","dateModified":"2024-01-15T15:50:07+00:00","breadcrumb":{"@id":"https:\/\/www.cinergesante.fr\/index.php\/actualites\/#breadcrumb"},"inLanguage":"fr-FR","potentialAction":[{"@type":"ReadAction","target":["https:\/\/www.cinergesante.fr\/index.php\/actualites\/"]}]},{"@type":"BreadcrumbList","@id":"https:\/\/www.cinergesante.fr\/index.php\/actualites\/#breadcrumb","itemListElement":[{"@type":"ListItem","position":1,"name":"Accueil","item":"https:\/\/www.cinergesante.fr\/"},{"@type":"ListItem","position":2,"name":"Actualit\u00e9s"}]},{"@type":"WebSite","@id":"https:\/\/www.cinergesante.fr\/#website","url":"https:\/\/www.cinergesante.fr\/","name":"CINERG&#039;e-sant\u00e9","description":"","publisher":{"@id":"https:\/\/www.cinergesante.fr\/#organization"},"potentialAction":[{"@type":"SearchAction","target":{"@type":"EntryPoint","urlTemplate":"https:\/\/www.cinergesante.fr\/?s={search_term_string}"},"query-input":"required name=search_term_string"}],"inLanguage":"fr-FR"},{"@type":"Organization","@id":"https:\/\/www.cinergesante.fr\/#organization","name":"CINERG&#039;e-sant\u00e9","url":"https:\/\/www.cinergesante.fr\/","logo":{"@type":"ImageObject","inLanguage":"fr-FR","@id":"https:\/\/www.cinergesante.fr\/#\/schema\/logo\/image\/","url":"https:\/\/www.cinergesante.fr\/wp-content\/uploads\/2023\/11\/cropped-Logo-CINERG-e-sante.png","contentUrl":"https:\/\/www.cinergesante.fr\/wp-content\/uploads\/2023\/11\/cropped-Logo-CINERG-e-sante.png","width":889,"height":328,"caption":"CINERG&#039;e-sant\u00e9"},"image":{"@id":"https:\/\/www.cinergesante.fr\/#\/schema\/logo\/image\/"}}]}},"jetpack_sharing_enabled":true,"uagb_featured_image_src":{"full":false,"thumbnail":false,"medium":false,"medium_large":false,"large":false,"1536x1536":false,"2048x2048":false,"course_single":false,"course_archive":false},"uagb_author_info":{"display_name":"grattp01","author_link":"https:\/\/www.cinergesante.fr\/index.php\/author\/grattp01\/"},"uagb_comment_info":0,"uagb_excerpt":"L&rsquo;importance cruciale des donn\u00e9es de sant\u00e9 : Une plong\u00e9e dans le RGPD et les imp\u00e9ratifs \u00e9thiques Les donn\u00e9es de sant\u00e9 sont au c\u0153ur de nos pr\u00e9occupations,&#8230; Read More Chlo\u00e9 Berthon15 janvier 2024","_links":{"self":[{"href":"https:\/\/www.cinergesante.fr\/index.php\/wp-json\/wp\/v2\/pages\/240","targetHints":{"allow":["GET"]}}],"collection":[{"href":"https:\/\/www.cinergesante.fr\/index.php\/wp-json\/wp\/v2\/pages"}],"about":[{"href":"https:\/\/www.cinergesante.fr\/index.php\/wp-json\/wp\/v2\/types\/page"}],"author":[{"embeddable":true,"href":"https:\/\/www.cinergesante.fr\/index.php\/wp-json\/wp\/v2\/users\/4"}],"replies":[{"embeddable":true,"href":"https:\/\/www.cinergesante.fr\/index.php\/wp-json\/wp\/v2\/comments?post=240"}],"version-history":[{"count":10,"href":"https:\/\/www.cinergesante.fr\/index.php\/wp-json\/wp\/v2\/pages\/240\/revisions"}],"predecessor-version":[{"id":888,"href":"https:\/\/www.cinergesante.fr\/index.php\/wp-json\/wp\/v2\/pages\/240\/revisions\/888"}],"wp:attachment":[{"href":"https:\/\/www.cinergesante.fr\/index.php\/wp-json\/wp\/v2\/media?parent=240"}],"curies":[{"name":"wp","href":"https:\/\/api.w.org\/{rel}","templated":true}]}}