{"id":1062,"date":"2024-10-01T10:52:41","date_gmt":"2024-10-01T08:52:41","guid":{"rendered":"https:\/\/www.cinergesante.fr\/?page_id=1062"},"modified":"2025-11-14T10:39:14","modified_gmt":"2025-11-14T09:39:14","slug":"du","status":"publish","type":"page","link":"https:\/\/www.cinergesante.fr\/index.php\/du\/","title":{"rendered":"CINERG&rsquo;e-sant\u00e9"},"content":{"rendered":"\t\t<div data-elementor-type=\"wp-page\" data-elementor-id=\"1062\" class=\"elementor elementor-1062\">\n\t\t\t\t<div class=\"elementor-element elementor-element-7581c1e1 e-flex e-con-boxed e-con e-parent\" data-id=\"7581c1e1\" data-element_type=\"container\" data-e-type=\"container\">\n\t\t\t\t\t<div class=\"e-con-inner\">\n\t\t\t\t<div class=\"elementor-element elementor-element-9f5cd7e elementor-widget elementor-widget-text-editor\" data-id=\"9f5cd7e\" data-element_type=\"widget\" data-e-type=\"widget\" data-widget_type=\"text-editor.default\">\n\t\t\t\t<div class=\"elementor-widget-container\">\n\t\t\t\t\t\t\t\t\t\n<div data-wp-interactive=\"core\/file\" class=\"wp-block-file\"><object data-wp-bind--hidden=\"!state.hasPdfPreview\" hidden class=\"wp-block-file__embed\" style=\"width: 100%; height: 600px;\" data=\"https:\/\/www.cinergesante.fr\/wp-content\/uploads\/2024\/10\/plaquette-DU-usages-et-bonnes-pratiques-en-sante-numerique.pdf\" type=\"application\/pdf\" width=\"300\" height=\"150\" aria-label=\"Contenu embarqu\u00e9 plaquette-DU-usages-et-bonnes-pratiques-en-sante-numerique.\"><\/object><a id=\"wp-block-file--media-fd9eefb2-4b30-4e1c-ae71-eed2eaf181db\" href=\"https:\/\/www.cinergesante.fr\/wp-content\/uploads\/2024\/10\/plaquette-DU-usages-et-bonnes-pratiques-en-sante-numerique.pdf\">plaquette-DU-usages-et-bonnes-pratiques-en-sante-numerique<\/a><a class=\"wp-block-file__button wp-element-button\" href=\"https:\/\/www.cinergesante.fr\/wp-content\/uploads\/2024\/10\/plaquette-DU-usages-et-bonnes-pratiques-en-sante-numerique.pdf\" download=\"\" aria-describedby=\"wp-block-file--media-fd9eefb2-4b30-4e1c-ae71-eed2eaf181db\">T\u00e9l\u00e9charger<\/a><\/div>\n\n<div data-wp-interactive=\"core\/file\" class=\"wp-block-file\"><object data-wp-bind--hidden=\"!state.hasPdfPreview\" hidden class=\"wp-block-file__embed\" style=\"width: 100%; height: 600px;\" data=\"https:\/\/www.cinergesante.fr\/wp-content\/uploads\/2024\/10\/programme.pdf\" type=\"application\/pdf\" width=\"300\" height=\"150\" aria-label=\"Contenu embarqu\u00e9 programme.\"><\/object><a id=\"wp-block-file--media-ec779452-4915-4232-872f-1fa53b7a1dc6\" href=\"https:\/\/www.cinergesante.fr\/wp-content\/uploads\/2024\/10\/programme.pdf\">programme<\/a><\/div>\n\t\t\t\t\t\t\t\t<\/div>\n\t\t\t\t<\/div>\n\t\t\t\t\t<\/div>\n\t\t\t\t<\/div>\n\t\t<div class=\"elementor-element elementor-element-99f803c e-flex e-con-boxed e-con e-parent\" data-id=\"99f803c\" data-element_type=\"container\" data-e-type=\"container\">\n\t\t\t\t\t<div class=\"e-con-inner\">\n\t\t\t\t<div class=\"elementor-element elementor-element-493f710 elementor-widget elementor-widget-text-editor\" data-id=\"493f710\" data-element_type=\"widget\" data-e-type=\"widget\" data-widget_type=\"text-editor.default\">\n\t\t\t\t<div class=\"elementor-widget-container\">\n\t\t\t\t\t\t\t\t\t\n<p><a href=\"https:\/\/www.cinergesante.fr\/wp-content\/uploads\/2025\/07\/DPC-Cybersecurite.pdf\">DPC Cyberse\u0301curite\u0301<\/a><\/p>\n\n<div class=\"wp-block-file\"><a href=\"https:\/\/www.cinergesante.fr\/wp-content\/uploads\/2025\/07\/DPC-Intelligence-artificielle-deroule-pedagogique.pdf\">DPC Intelligence artificielle de\u0301roule\u0301 pe\u0301dagogique<\/a><\/div>\n\t\t\t\t\t\t\t\t<\/div>\n\t\t\t\t<\/div>\n\t\t\t\t\t<\/div>\n\t\t\t\t<\/div>\n\t\t<div class=\"elementor-element elementor-element-15a251d e-flex e-con-boxed e-con e-parent\" data-id=\"15a251d\" data-element_type=\"container\" data-e-type=\"container\">\n\t\t\t\t\t<div class=\"e-con-inner\">\n\t\t\t\t<div class=\"elementor-element elementor-element-fd9f41d elementor-widget elementor-widget-text-editor\" data-id=\"fd9f41d\" data-element_type=\"widget\" data-e-type=\"widget\" data-widget_type=\"text-editor.default\">\n\t\t\t\t<div class=\"elementor-widget-container\">\n\t\t\t\t\t\t\t\t\t<p><a href=\"https:\/\/www.cinergesante.fr\/wp-content\/uploads\/2025\/04\/Formations-personnels-hospitaliers-2.pdf\">Formations personnels hospitaliers<\/a><\/p>\t\t\t\t\t\t\t\t<\/div>\n\t\t\t\t<\/div>\n\t\t\t\t\t<\/div>\n\t\t\t\t<\/div>\n\t\t<div class=\"elementor-element elementor-element-f0d41eb e-flex e-con-boxed e-con e-parent\" data-id=\"f0d41eb\" data-element_type=\"container\" data-e-type=\"container\">\n\t\t\t\t\t<div class=\"e-con-inner\">\n\t\t\t\t<div class=\"elementor-element elementor-element-ff62ba1 elementor-widget elementor-widget-text-editor\" data-id=\"ff62ba1\" data-element_type=\"widget\" data-e-type=\"widget\" data-widget_type=\"text-editor.default\">\n\t\t\t\t<div class=\"elementor-widget-container\">\n\t\t\t\t\t\t\t\t\t<p><a href=\"https:\/\/www.cinergesante.fr\/wp-content\/uploads\/2025\/11\/Rapport.pdf\">Partage et \u00e9changes des donn\u00e9es<\/a><\/p>\n<p>\u00a0<\/p>\t\t\t\t\t\t\t\t<\/div>\n\t\t\t\t<\/div>\n\t\t\t\t\t<\/div>\n\t\t\t\t<\/div>\n\t\t\t\t<\/div>\n\t\t","protected":false},"excerpt":{"rendered":"<p>Formations personnels hospitaliers Partage et \u00e9changes des donn\u00e9es \u00a0<\/p>\n","protected":false},"author":4,"featured_media":0,"parent":0,"menu_order":0,"comment_status":"closed","ping_status":"closed","template":"","meta":{"_uag_custom_page_level_css":"","site-sidebar-layout":"default","site-content-layout":"","ast-site-content-layout":"","site-content-style":"default","site-sidebar-style":"default","ast-global-header-display":"","ast-banner-title-visibility":"","ast-main-header-display":"","ast-hfb-above-header-display":"","ast-hfb-below-header-display":"","ast-hfb-mobile-header-display":"","site-post-title":"","ast-breadcrumbs-content":"","ast-featured-img":"","footer-sml-layout":"","theme-transparent-header-meta":"","adv-header-id-meta":"","stick-header-meta":"","header-above-stick-meta":"","header-main-stick-meta":"","header-below-stick-meta":"","astra-migrate-meta-layouts":"","footnotes":""},"class_list":["post-1062","page","type-page","status-publish","hentry"],"yoast_head":"<!-- This site is optimized with the Yoast SEO plugin v21.5 - https:\/\/yoast.com\/wordpress\/plugins\/seo\/ -->\n<title>CINERG&#039;e-sant\u00e9 - CINERG&#039;e-sant\u00e9<\/title>\n<meta name=\"robots\" content=\"index, follow, max-snippet:-1, max-image-preview:large, max-video-preview:-1\" \/>\n<link rel=\"canonical\" href=\"https:\/\/www.cinergesante.fr\/index.php\/du\/\" \/>\n<meta property=\"og:locale\" content=\"fr_FR\" \/>\n<meta property=\"og:type\" content=\"article\" \/>\n<meta property=\"og:title\" content=\"CINERG&#039;e-sant\u00e9 - CINERG&#039;e-sant\u00e9\" \/>\n<meta property=\"og:description\" content=\"Formations personnels hospitaliers Partage et \u00e9changes des donn\u00e9es \u00a0\" \/>\n<meta property=\"og:url\" content=\"https:\/\/www.cinergesante.fr\/index.php\/du\/\" \/>\n<meta property=\"og:site_name\" content=\"CINERG&#039;e-sant\u00e9\" \/>\n<meta property=\"article:modified_time\" content=\"2025-11-14T09:39:14+00:00\" \/>\n<meta name=\"twitter:card\" content=\"summary_large_image\" \/>\n<meta name=\"twitter:label1\" content=\"Dur\u00e9e de lecture estim\u00e9e\" \/>\n\t<meta name=\"twitter:data1\" content=\"1 minute\" \/>\n<script type=\"application\/ld+json\" class=\"yoast-schema-graph\">{\"@context\":\"https:\/\/schema.org\",\"@graph\":[{\"@type\":\"WebPage\",\"@id\":\"https:\/\/www.cinergesante.fr\/index.php\/du\/\",\"url\":\"https:\/\/www.cinergesante.fr\/index.php\/du\/\",\"name\":\"CINERG'e-sant\u00e9 - CINERG&#039;e-sant\u00e9\",\"isPartOf\":{\"@id\":\"https:\/\/www.cinergesante.fr\/#website\"},\"datePublished\":\"2024-10-01T08:52:41+00:00\",\"dateModified\":\"2025-11-14T09:39:14+00:00\",\"breadcrumb\":{\"@id\":\"https:\/\/www.cinergesante.fr\/index.php\/du\/#breadcrumb\"},\"inLanguage\":\"fr-FR\",\"potentialAction\":[{\"@type\":\"ReadAction\",\"target\":[\"https:\/\/www.cinergesante.fr\/index.php\/du\/\"]}]},{\"@type\":\"BreadcrumbList\",\"@id\":\"https:\/\/www.cinergesante.fr\/index.php\/du\/#breadcrumb\",\"itemListElement\":[{\"@type\":\"ListItem\",\"position\":1,\"name\":\"Accueil\",\"item\":\"https:\/\/www.cinergesante.fr\/\"},{\"@type\":\"ListItem\",\"position\":2,\"name\":\"CINERG&rsquo;e-sant\u00e9\"}]},{\"@type\":\"WebSite\",\"@id\":\"https:\/\/www.cinergesante.fr\/#website\",\"url\":\"https:\/\/www.cinergesante.fr\/\",\"name\":\"CINERG&#039;e-sant\u00e9\",\"description\":\"\",\"publisher\":{\"@id\":\"https:\/\/www.cinergesante.fr\/#organization\"},\"potentialAction\":[{\"@type\":\"SearchAction\",\"target\":{\"@type\":\"EntryPoint\",\"urlTemplate\":\"https:\/\/www.cinergesante.fr\/?s={search_term_string}\"},\"query-input\":\"required name=search_term_string\"}],\"inLanguage\":\"fr-FR\"},{\"@type\":\"Organization\",\"@id\":\"https:\/\/www.cinergesante.fr\/#organization\",\"name\":\"CINERG&#039;e-sant\u00e9\",\"url\":\"https:\/\/www.cinergesante.fr\/\",\"logo\":{\"@type\":\"ImageObject\",\"inLanguage\":\"fr-FR\",\"@id\":\"https:\/\/www.cinergesante.fr\/#\/schema\/logo\/image\/\",\"url\":\"https:\/\/www.cinergesante.fr\/wp-content\/uploads\/2023\/11\/cropped-Logo-CINERG-e-sante.png\",\"contentUrl\":\"https:\/\/www.cinergesante.fr\/wp-content\/uploads\/2023\/11\/cropped-Logo-CINERG-e-sante.png\",\"width\":889,\"height\":328,\"caption\":\"CINERG&#039;e-sant\u00e9\"},\"image\":{\"@id\":\"https:\/\/www.cinergesante.fr\/#\/schema\/logo\/image\/\"}}]}<\/script>\n<!-- \/ Yoast SEO plugin. -->","yoast_head_json":{"title":"CINERG'e-sant\u00e9 - CINERG&#039;e-sant\u00e9","robots":{"index":"index","follow":"follow","max-snippet":"max-snippet:-1","max-image-preview":"max-image-preview:large","max-video-preview":"max-video-preview:-1"},"canonical":"https:\/\/www.cinergesante.fr\/index.php\/du\/","og_locale":"fr_FR","og_type":"article","og_title":"CINERG'e-sant\u00e9 - CINERG&#039;e-sant\u00e9","og_description":"Formations personnels hospitaliers Partage et \u00e9changes des donn\u00e9es \u00a0","og_url":"https:\/\/www.cinergesante.fr\/index.php\/du\/","og_site_name":"CINERG&#039;e-sant\u00e9","article_modified_time":"2025-11-14T09:39:14+00:00","twitter_card":"summary_large_image","twitter_misc":{"Dur\u00e9e de lecture estim\u00e9e":"1 minute"},"schema":{"@context":"https:\/\/schema.org","@graph":[{"@type":"WebPage","@id":"https:\/\/www.cinergesante.fr\/index.php\/du\/","url":"https:\/\/www.cinergesante.fr\/index.php\/du\/","name":"CINERG'e-sant\u00e9 - CINERG&#039;e-sant\u00e9","isPartOf":{"@id":"https:\/\/www.cinergesante.fr\/#website"},"datePublished":"2024-10-01T08:52:41+00:00","dateModified":"2025-11-14T09:39:14+00:00","breadcrumb":{"@id":"https:\/\/www.cinergesante.fr\/index.php\/du\/#breadcrumb"},"inLanguage":"fr-FR","potentialAction":[{"@type":"ReadAction","target":["https:\/\/www.cinergesante.fr\/index.php\/du\/"]}]},{"@type":"BreadcrumbList","@id":"https:\/\/www.cinergesante.fr\/index.php\/du\/#breadcrumb","itemListElement":[{"@type":"ListItem","position":1,"name":"Accueil","item":"https:\/\/www.cinergesante.fr\/"},{"@type":"ListItem","position":2,"name":"CINERG&rsquo;e-sant\u00e9"}]},{"@type":"WebSite","@id":"https:\/\/www.cinergesante.fr\/#website","url":"https:\/\/www.cinergesante.fr\/","name":"CINERG&#039;e-sant\u00e9","description":"","publisher":{"@id":"https:\/\/www.cinergesante.fr\/#organization"},"potentialAction":[{"@type":"SearchAction","target":{"@type":"EntryPoint","urlTemplate":"https:\/\/www.cinergesante.fr\/?s={search_term_string}"},"query-input":"required name=search_term_string"}],"inLanguage":"fr-FR"},{"@type":"Organization","@id":"https:\/\/www.cinergesante.fr\/#organization","name":"CINERG&#039;e-sant\u00e9","url":"https:\/\/www.cinergesante.fr\/","logo":{"@type":"ImageObject","inLanguage":"fr-FR","@id":"https:\/\/www.cinergesante.fr\/#\/schema\/logo\/image\/","url":"https:\/\/www.cinergesante.fr\/wp-content\/uploads\/2023\/11\/cropped-Logo-CINERG-e-sante.png","contentUrl":"https:\/\/www.cinergesante.fr\/wp-content\/uploads\/2023\/11\/cropped-Logo-CINERG-e-sante.png","width":889,"height":328,"caption":"CINERG&#039;e-sant\u00e9"},"image":{"@id":"https:\/\/www.cinergesante.fr\/#\/schema\/logo\/image\/"}}]}},"jetpack_sharing_enabled":true,"uagb_featured_image_src":{"full":false,"thumbnail":false,"medium":false,"medium_large":false,"large":false,"1536x1536":false,"2048x2048":false,"course_single":false,"course_archive":false},"uagb_author_info":{"display_name":"grattp01","author_link":"https:\/\/www.cinergesante.fr\/index.php\/author\/grattp01\/"},"uagb_comment_info":0,"uagb_excerpt":"Formations personnels hospitaliers Partage et \u00e9changes des donn\u00e9es \u00a0","_links":{"self":[{"href":"https:\/\/www.cinergesante.fr\/index.php\/wp-json\/wp\/v2\/pages\/1062","targetHints":{"allow":["GET"]}}],"collection":[{"href":"https:\/\/www.cinergesante.fr\/index.php\/wp-json\/wp\/v2\/pages"}],"about":[{"href":"https:\/\/www.cinergesante.fr\/index.php\/wp-json\/wp\/v2\/types\/page"}],"author":[{"embeddable":true,"href":"https:\/\/www.cinergesante.fr\/index.php\/wp-json\/wp\/v2\/users\/4"}],"replies":[{"embeddable":true,"href":"https:\/\/www.cinergesante.fr\/index.php\/wp-json\/wp\/v2\/comments?post=1062"}],"version-history":[{"count":18,"href":"https:\/\/www.cinergesante.fr\/index.php\/wp-json\/wp\/v2\/pages\/1062\/revisions"}],"predecessor-version":[{"id":2578,"href":"https:\/\/www.cinergesante.fr\/index.php\/wp-json\/wp\/v2\/pages\/1062\/revisions\/2578"}],"wp:attachment":[{"href":"https:\/\/www.cinergesante.fr\/index.php\/wp-json\/wp\/v2\/media?parent=1062"}],"curies":[{"name":"wp","href":"https:\/\/api.w.org\/{rel}","templated":true}]}}